{"id":3019,"date":"2025-02-22T15:35:01","date_gmt":"2025-02-22T14:35:01","guid":{"rendered":"https:\/\/proluxx.hr\/?page_id=3019"},"modified":"2026-04-16T09:34:16","modified_gmt":"2026-04-16T07:34:16","slug":"pravilnik-o-zasebnosti","status":"publish","type":"page","link":"https:\/\/proluxx.hr\/sl\/pravilnik-o-zasebnosti\/","title":{"rendered":"Pravilnik o zasebnosti"},"content":{"rendered":"[vc_row type=&#8221;full_width_content&#8221; full_screen_row_position=&#8221;middle&#8221; column_margin=&#8221;default&#8221; column_direction=&#8221;default&#8221; column_direction_tablet=&#8221;default&#8221; column_direction_phone=&#8221;default&#8221; bg_color=&#8221;#522583&#8243; scene_position=&#8221;center&#8221; text_color=&#8221;dark&#8221; text_align=&#8221;left&#8221; row_border_radius=&#8221;none&#8221; row_border_radius_applies=&#8221;bg&#8221; overflow=&#8221;visible&#8221; overlay_strength=&#8221;0.3&#8243; gradient_direction=&#8221;left_to_right&#8221; shape_divider_position=&#8221;bottom&#8221; bg_image_animation=&#8221;none&#8221; gradient_type=&#8221;default&#8221; shape_type=&#8221;&#8221;][vc_column column_padding=&#8221;no-extra-padding&#8221; column_padding_tablet=&#8221;inherit&#8221; column_padding_phone=&#8221;inherit&#8221; column_padding_position=&#8221;all&#8221; column_element_direction_desktop=&#8221;default&#8221; column_element_spacing=&#8221;default&#8221; desktop_text_alignment=&#8221;default&#8221; tablet_text_alignment=&#8221;default&#8221; phone_text_alignment=&#8221;default&#8221; background_color_opacity=&#8221;1&#8243; background_hover_color_opacity=&#8221;1&#8243; column_backdrop_filter=&#8221;none&#8221; column_shadow=&#8221;none&#8221; column_border_radius=&#8221;none&#8221; column_link_target=&#8221;_self&#8221; column_position=&#8221;default&#8221; gradient_direction=&#8221;left_to_right&#8221; overlay_strength=&#8221;0.3&#8243; width=&#8221;1\/1&#8243; tablet_width_inherit=&#8221;default&#8221; animation_type=&#8221;default&#8221; bg_image_animation=&#8221;none&#8221; border_type=&#8221;simple&#8221; column_border_width=&#8221;none&#8221; column_border_style=&#8221;solid&#8221;][divider line_type=&#8221;No Line&#8221; custom_height=&#8221;70&#8243;][\/vc_column][\/vc_row][vc_row type=&#8221;in_container&#8221; full_screen_row_position=&#8221;middle&#8221; column_margin=&#8221;default&#8221; column_direction=&#8221;default&#8221; column_direction_tablet=&#8221;default&#8221; column_direction_phone=&#8221;default&#8221; scene_position=&#8221;center&#8221; top_padding=&#8221;3%&#8221; bottom_padding=&#8221;1%&#8221; top_padding_tablet=&#8221;6%&#8221; top_padding_phone=&#8221;10%&#8221; text_color=&#8221;dark&#8221; text_align=&#8221;left&#8221; row_border_radius=&#8221;none&#8221; row_border_radius_applies=&#8221;bg&#8221; overflow=&#8221;visible&#8221; overlay_strength=&#8221;0.3&#8243; gradient_direction=&#8221;left_to_right&#8221; shape_divider_position=&#8221;bottom&#8221; bg_image_animation=&#8221;none&#8221; gradient_type=&#8221;default&#8221; shape_type=&#8221;&#8221;][vc_column column_padding=&#8221;no-extra-padding&#8221; column_padding_tablet=&#8221;inherit&#8221; column_padding_phone=&#8221;inherit&#8221; column_padding_position=&#8221;all&#8221; column_element_direction_desktop=&#8221;default&#8221; column_element_spacing=&#8221;default&#8221; desktop_text_alignment=&#8221;default&#8221; tablet_text_alignment=&#8221;default&#8221; phone_text_alignment=&#8221;default&#8221; background_color_opacity=&#8221;1&#8243; background_hover_color_opacity=&#8221;1&#8243; column_backdrop_filter=&#8221;none&#8221; column_shadow=&#8221;none&#8221; column_border_radius=&#8221;none&#8221; column_link_target=&#8221;_self&#8221; column_position=&#8221;default&#8221; gradient_direction=&#8221;left_to_right&#8221; overlay_strength=&#8221;0.3&#8243; width=&#8221;1\/1&#8243; tablet_width_inherit=&#8221;default&#8221; animation_type=&#8221;default&#8221; bg_image_animation=&#8221;none&#8221; border_type=&#8221;simple&#8221; column_border_width=&#8221;none&#8221; column_border_style=&#8221;solid&#8221;][vc_column_text css=&#8221;&#8221; text_direction=&#8221;default&#8221;]\n<h2>Pravilnik o zasebnosti<\/h2>\n[\/vc_column_text][\/vc_column][\/vc_row][vc_row type=&#8221;in_container&#8221; full_screen_row_position=&#8221;middle&#8221; column_margin=&#8221;default&#8221; column_direction=&#8221;default&#8221; column_direction_tablet=&#8221;default&#8221; column_direction_phone=&#8221;default&#8221; scene_position=&#8221;center&#8221; bottom_padding=&#8221;4%&#8221; bottom_padding_tablet=&#8221;6%&#8221; bottom_padding_phone=&#8221;10%&#8221; text_color=&#8221;dark&#8221; text_align=&#8221;left&#8221; row_border_radius=&#8221;none&#8221; row_border_radius_applies=&#8221;bg&#8221; overflow=&#8221;visible&#8221; overlay_strength=&#8221;0.3&#8243; gradient_direction=&#8221;left_to_right&#8221; shape_divider_position=&#8221;bottom&#8221; bg_image_animation=&#8221;none&#8221; gradient_type=&#8221;default&#8221; shape_type=&#8221;&#8221;][vc_column column_padding=&#8221;padding-5-percent&#8221; column_padding_tablet=&#8221;no-extra-padding&#8221; column_padding_phone=&#8221;no-extra-padding&#8221; column_padding_position=&#8221;right&#8221; bottom_margin_tablet=&#8221;50&#8243; column_element_direction_desktop=&#8221;default&#8221; column_element_spacing=&#8221;default&#8221; desktop_text_alignment=&#8221;default&#8221; tablet_text_alignment=&#8221;default&#8221; phone_text_alignment=&#8221;default&#8221; background_color_opacity=&#8221;1&#8243; background_hover_color_opacity=&#8221;1&#8243; column_backdrop_filter=&#8221;none&#8221; column_shadow=&#8221;none&#8221; column_border_radius=&#8221;none&#8221; column_link_target=&#8221;_self&#8221; column_position=&#8221;default&#8221; gradient_direction=&#8221;left_to_right&#8221; overlay_strength=&#8221;0.3&#8243; width=&#8221;1\/1&#8243; tablet_width_inherit=&#8221;default&#8221; animation_type=&#8221;default&#8221; bg_image_animation=&#8221;none&#8221; border_type=&#8221;simple&#8221; column_border_width=&#8221;none&#8221; column_border_style=&#8221;solid&#8221; column_padding_type=&#8221;default&#8221; gradient_type=&#8221;default&#8221;][vc_column_text css=&#8221;&#8221; text_direction=&#8221;default&#8221;]PROKSIMUM PHARMA d.o.o. (v nadaljevanju Proksimum Pharma) spo\u0161tuje va\u0161o zasebnost in svoja spletna mesta utemeljuje na tehnologijah, ki zagotavljajo bolj\u0161o in varnej\u0161o spletno izku\u0161njo. Ta Izjava o zasebnosti velja za zbiranje in obdelavo va\u0161ih osebnih podatkov ter uporabo pi\u0161kotkov na spletnem mestu\u00a0\u00a0<a href=\"http:\/\/www.proluxx.si.\u00a0\">www.proluxx.si.\u00a0<\/a><\/p>\n<p>ZBIRANJE IN OBDELAVA OSEBNIH PODATKOV<br \/>\nZa vzdr\u017eevanje funkcionalnosti spletnega mesta in zagotavljanje storitev, ki jih zahtevajo uporabniki, lahko Proksimum Pharma zbira in uporablja osebne podatke uporabnikov na tem spletnem mestu.<br \/>\nPrek spletnega mesta\u00a0\u00a0<a href=\"http:\/\/www.proluxx.si\u00a0\">www.proluxx.si\u00a0<\/a>\u00a0\u00a0je mogo\u010de, odvisno od namena, zbirati va\u0161e osebne podatke, kot so: ime in priimek, e-po\u0161tni naslov in telefonska \u0161tevilka. Z vnosom osebnih podatkov v polja, predvidena za ta namen, sogla\u0161ate z uporabo navedenih podatkov za namen, za katerega so bili posredovani.<br \/>\nProksimum Pharma zbira podatke o va\u0161em ra\u010dunalniku. Ti podatki lahko vklju\u010dujejo va\u0161 IP-naslov, vrsto brskalnika, \u010das dostopa in spletne naslove.<br \/>\nProksimum Pharma lahko uporabi navedene podatke za zagotavljanje u\u010dinkovitej\u0161e storitve za stranke, za la\u017ejo uporabo spletnega mesta z odpravo potrebe po pogostem vnosu istih podatkov ali za prilagoditev spletnega mesta va\u0161im osebnim \u017eeljam in interesom. Proksimum Pharma ne prodaja, daje v najem ali posoja seznama uporabnikov svojih spletnih mest tretjim osebam. Proksimum Pharma lahko v skladu z obveznostjo varovanja zaupnosti podatke deli z zaupanja vrednimi partnerji za dolo\u010dene namene: izvajanje statisti\u010dnih analiz, zagotavljanje podpore strankam, organizacija dostav ali podobne potrebe. Vsaki taki tretji osebi je prepovedano nadalje obdelovati va\u0161e osebne podatke.<\/p>\n<p>VARNOST VA\u0160IH OSEBNIH PODATKOV<br \/>\nSpletna stran\u00a0\u00a0<a href=\"http:\/\/www.proluxx.si\u00a0\">www.proluxx.si\u00a0<\/a>\u00a0\u00a0\u0161\u010diti va\u0161e osebne podatke pred nepoobla\u0161\u010denim dostopom, uporabo ali razkritjem. Podatki na ra\u010dunalni\u0161kih stre\u017enikih so shranjeni v nadzorovanem, varnem okolju, za\u0161\u010ditenem pred nepoobla\u0161\u010denim dostopom, uporabo ali razkritjem.<\/p>\n<p>UPORABA PI\u0160KOTKOV<br \/>\nSpletno mesto\u00a0\u00a0<a href=\"http:\/\/www.proluxx.si\u00a0\">www.proluxx.si\u00a0<\/a>\u00a0\u00a0uporablja tako imenovane pi\u0161kotke \u2013 besedilne datoteke, ki jih na uporabnikov ra\u010dunalnik namesti internetni stre\u017enik, ki ga uporablja uporabnik.<br \/>\nDatoteke nastanejo, ko brskalnik na uporabnikovi napravi nalo\u017ei obiskano omre\u017eno destinacijo, ki nato po\u0161lje podatke brskalniku in ustvari besedilno datoteko (pi\u0161kotek).<br \/>\nBrskalnik datoteko pridobi in po\u0161lje stre\u017eniku omre\u017ene destinacije (spletnega mesta, strani), ko se uporabnik vrne nanjo. Pi\u0161kotki se uporabljajo za delovanje vseh funkcij spletnega mesta in bolj\u0161o uporabni\u0161ko izku\u0161njo ter so lahko za\u010dasni (shranjeni le med obiskom spletnega mesta) ali trajni (ostanejo shranjeni na uporabnikovem ra\u010dunalniku po obisku).<br \/>\nPi\u0161kotke tretjih oseb\u00a0\u00a0<a href=\"http:\/\/www.proluxx.si\u00a0\">www.proluxx.si\u00a0<\/a>\u00a0uporablja \u00a0za pridobivanje statisti\u010dnih podatkov o \u0161tevilu obiskov in na\u010dinu uporabe na\u0161ega spletnega mesta. Zbrani podatki vklju\u010dujejo uporabnikov IP-naslov, podatke o brskalniku, jezik, operacijski sistem in druge standardne podatke, ki se zbirajo in analizirajo izklju\u010dno v anonimni in mno\u017ei\u010dni obliki.<br \/>\nSpletno mesto\u00a0\u00a0<a href=\"http:\/\/www.proluxx.si\u00a0\">www.proluxx.si\u00a0<\/a>\u00a0\u00a0uporablja pi\u0161kotke Google Analytics za merjenje in analizo prometa na spletnem mestu. Storitev Google Analytics lahko onemogo\u010dite z\u00a0 orodjem\u00a0<a href=\"https:\/\/myadcenter.google.com\/personalizationoff?hl=sl\">Upravitelj nastavitev oglasov<\/a>\u00a0. Podrobne informacije tretjih oseb o tej storitvi in \u200b\u200bmo\u017enost uporabnika, da nadzoruje nastavitve pi\u0161kotkov, ki so za to potrebne, so na voljo na naslednji\u00a0\u00a0<a href=\"https:\/\/support.google.com\/analytics\/answer\/6004245\">povezavi<\/a>\u00a0.<\/p>\n<p>BLOKIRANJE PI\u0160KOTKOV<br \/>\n\u010ce se z njihovo uporabo ne strinjate, lahko pi\u0161kotke v ra\u010dunalniku ali mobilni napravi preprosto izbri\u0161ete (ali prepre\u010dite) z uporabo nastavitev brskalnika, ki ga uporabljate. Za ve\u010d informacij o upravljanju pi\u0161kotkov si oglejte strani brskalnika, ki ga uporabljate, ali spletno mesto\u00a0\u00a0<a href=\"http:\/\/www.allaboutcookies.org\/\">www.allaboutcookies.org<\/a>\u00a0.<br \/>\nKer je namen pi\u0161kotkov izbolj\u0161ati in omogo\u010diti uporabo na\u0161ih spletnih mest in njihovih procesov, upo\u0161tevajte, da lahko z blokiranjem ali brisanjem pi\u0161kotkov onemogo\u010dite delovanje teh funkcij ali povzro\u010dite, da delujejo in se v va\u0161em brskalniku prikazujejo druga\u010de.<\/p>\n<p>POGOJI IN SPREMEMBE<br \/>\nPogoji te Izjave o zasebnosti urejajo uporabo pi\u0161kotkov in vseh podatkov, zbranih med uporabo Izjave, razen pi\u0161kotkov tretjih oseb. Proksimum Pharma si pridr\u017euje pravico, da to Izjavo in politiko pi\u0161kotkov kadar koli spremeni, da posreduje nove pomembne informacije in vas obve\u0161\u010da o na\u010dinih, kako Proksimum Pharma varuje va\u0161e podatke na svojih spletnih mestih, zato priporo\u010damo, da to stran redno preverjate za posodobitve.<\/p>\n<p>KONTAKTNI PODATKI<br \/>\nProksimum Pharma bo vesel va\u0161ih komentarjev in predlogov v zvezi s to izjavo, pa tudi vseh va\u0161ih vpra\u0161anj in pripomb.[\/vc_column_text][\/vc_column][\/vc_row]\n","protected":false},"excerpt":{"rendered":"<p>[vc_row type=&#8221;full_width_content&#8221; full_screen_row_position=&#8221;middle&#8221; column_margin=&#8221;default&#8221; column_direction=&#8221;default&#8221; column_direction_tablet=&#8221;default&#8221; column_direction_phone=&#8221;default&#8221; bg_color=&#8221;#522583&#8243; scene_position=&#8221;center&#8221; text_color=&#8221;dark&#8221; text_align=&#8221;left&#8221; row_border_radius=&#8221;none&#8221; row_border_radius_applies=&#8221;bg&#8221; overflow=&#8221;visible&#8221; overlay_strength=&#8221;0.3&#8243; gradient_direction=&#8221;left_to_right&#8221; shape_divider_position=&#8221;bottom&#8221; bg_image_animation=&#8221;none&#8221; gradient_type=&#8221;default&#8221; shape_type=&#8221;&#8221;][vc_column column_padding=&#8221;no-extra-padding&#8221; column_padding_tablet=&#8221;inherit&#8221; column_padding_phone=&#8221;inherit&#8221; column_padding_position=&#8221;all&#8221; column_element_direction_desktop=&#8221;default&#8221; column_element_spacing=&#8221;default&#8221; desktop_text_alignment=&#8221;default&#8221; tablet_text_alignment=&#8221;default&#8221; phone_text_alignment=&#8221;default&#8221; background_color_opacity=&#8221;1&#8243;&#8230;<\/p>\n","protected":false},"author":1,"featured_media":0,"parent":0,"menu_order":22,"comment_status":"closed","ping_status":"closed","template":"","meta":{"_acf_changed":false,"footnotes":""},"class_list":["post-3019","page","type-page","status-publish"],"acf":[],"yoast_head":"<!-- This site is optimized with the Yoast SEO plugin v27.2 - https:\/\/yoast.com\/product\/yoast-seo-wordpress\/ -->\n<title>Pravilnik o zasebnosti - PROLUXX<\/title>\n<meta name=\"robots\" content=\"index, follow, max-snippet:-1, max-image-preview:large, max-video-preview:-1\" \/>\n<link rel=\"canonical\" href=\"https:\/\/proluxx.hr\/sl\/pravilnik-o-zasebnosti\/\" \/>\n<meta property=\"og:locale\" content=\"sl_SI\" \/>\n<meta property=\"og:type\" content=\"article\" \/>\n<meta property=\"og:title\" content=\"Pravilnik o zasebnosti - PROLUXX\" \/>\n<meta property=\"og:description\" content=\"[vc_row type=&#8221;full_width_content&#8221; full_screen_row_position=&#8221;middle&#8221; column_margin=&#8221;default&#8221; column_direction=&#8221;default&#8221; column_direction_tablet=&#8221;default&#8221; column_direction_phone=&#8221;default&#8221; bg_color=&#8221;#522583&#8243; scene_position=&#8221;center&#8221; text_color=&#8221;dark&#8221; text_align=&#8221;left&#8221; row_border_radius=&#8221;none&#8221; row_border_radius_applies=&#8221;bg&#8221; overflow=&#8221;visible&#8221; overlay_strength=&#8221;0.3&#8243; gradient_direction=&#8221;left_to_right&#8221; shape_divider_position=&#8221;bottom&#8221; bg_image_animation=&#8221;none&#8221; gradient_type=&#8221;default&#8221; shape_type=&#8221;&#8221;][vc_column column_padding=&#8221;no-extra-padding&#8221; column_padding_tablet=&#8221;inherit&#8221; column_padding_phone=&#8221;inherit&#8221; column_padding_position=&#8221;all&#8221; column_element_direction_desktop=&#8221;default&#8221; column_element_spacing=&#8221;default&#8221; desktop_text_alignment=&#8221;default&#8221; tablet_text_alignment=&#8221;default&#8221; phone_text_alignment=&#8221;default&#8221; background_color_opacity=&#8221;1&#8243;...\" \/>\n<meta property=\"og:url\" content=\"https:\/\/proluxx.hr\/sl\/pravilnik-o-zasebnosti\/\" \/>\n<meta property=\"og:site_name\" content=\"PROLUXX\" \/>\n<meta property=\"article:modified_time\" content=\"2026-04-16T07:34:16+00:00\" \/>\n<meta name=\"twitter:card\" content=\"summary_large_image\" \/>\n<meta name=\"twitter:label1\" content=\"Est. reading time\" \/>\n\t<meta name=\"twitter:data1\" content=\"4 minute\" \/>\n<script type=\"application\/ld+json\" class=\"yoast-schema-graph\">{\"@context\":\"https:\/\/schema.org\",\"@graph\":[{\"@type\":\"WebPage\",\"@id\":\"https:\/\/proluxx.hr\/sl\/pravilnik-o-zasebnosti\/\",\"url\":\"https:\/\/proluxx.hr\/sl\/pravilnik-o-zasebnosti\/\",\"name\":\"Pravilnik o zasebnosti - PROLUXX\",\"isPartOf\":{\"@id\":\"https:\/\/proluxx.hr\/#website\"},\"datePublished\":\"2025-02-22T14:35:01+00:00\",\"dateModified\":\"2026-04-16T07:34:16+00:00\",\"breadcrumb\":{\"@id\":\"https:\/\/proluxx.hr\/sl\/pravilnik-o-zasebnosti\/#breadcrumb\"},\"inLanguage\":\"sl-SI\",\"potentialAction\":[{\"@type\":\"ReadAction\",\"target\":[\"https:\/\/proluxx.hr\/sl\/pravilnik-o-zasebnosti\/\"]}]},{\"@type\":\"BreadcrumbList\",\"@id\":\"https:\/\/proluxx.hr\/sl\/pravilnik-o-zasebnosti\/#breadcrumb\",\"itemListElement\":[{\"@type\":\"ListItem\",\"position\":1,\"name\":\"Po\u010detna stranica\",\"item\":\"https:\/\/proluxx.hr\/sl\/\"},{\"@type\":\"ListItem\",\"position\":2,\"name\":\"Pravilnik o zasebnosti\"}]},{\"@type\":\"WebSite\",\"@id\":\"https:\/\/proluxx.hr\/#website\",\"url\":\"https:\/\/proluxx.hr\/\",\"name\":\"PROLUXX\",\"description\":\"inovativnost i kvaliteta\",\"publisher\":{\"@id\":\"https:\/\/proluxx.hr\/#organization\"},\"potentialAction\":[{\"@type\":\"SearchAction\",\"target\":{\"@type\":\"EntryPoint\",\"urlTemplate\":\"https:\/\/proluxx.hr\/?s={search_term_string}\"},\"query-input\":{\"@type\":\"PropertyValueSpecification\",\"valueRequired\":true,\"valueName\":\"search_term_string\"}}],\"inLanguage\":\"sl-SI\"},{\"@type\":\"Organization\",\"@id\":\"https:\/\/proluxx.hr\/#organization\",\"name\":\"PROXIMUM d.o.o.\",\"url\":\"https:\/\/proluxx.hr\/\",\"logo\":{\"@type\":\"ImageObject\",\"inLanguage\":\"sl-SI\",\"@id\":\"https:\/\/proluxx.hr\/#\/schema\/logo\/image\/\",\"url\":\"https:\/\/proluxx.hr\/wp-content\/uploads\/2025\/02\/Proluxx-logo.png\",\"contentUrl\":\"https:\/\/proluxx.hr\/wp-content\/uploads\/2025\/02\/Proluxx-logo.png\",\"width\":444,\"height\":71,\"caption\":\"PROXIMUM d.o.o.\"},\"image\":{\"@id\":\"https:\/\/proluxx.hr\/#\/schema\/logo\/image\/\"}}]}<\/script>\n<!-- \/ Yoast SEO plugin. -->","yoast_head_json":{"title":"Pravilnik o zasebnosti - PROLUXX","robots":{"index":"index","follow":"follow","max-snippet":"max-snippet:-1","max-image-preview":"max-image-preview:large","max-video-preview":"max-video-preview:-1"},"canonical":"https:\/\/proluxx.hr\/sl\/pravilnik-o-zasebnosti\/","og_locale":"sl_SI","og_type":"article","og_title":"Pravilnik o zasebnosti - PROLUXX","og_description":"[vc_row type=&#8221;full_width_content&#8221; full_screen_row_position=&#8221;middle&#8221; column_margin=&#8221;default&#8221; column_direction=&#8221;default&#8221; column_direction_tablet=&#8221;default&#8221; column_direction_phone=&#8221;default&#8221; bg_color=&#8221;#522583&#8243; scene_position=&#8221;center&#8221; text_color=&#8221;dark&#8221; text_align=&#8221;left&#8221; row_border_radius=&#8221;none&#8221; row_border_radius_applies=&#8221;bg&#8221; overflow=&#8221;visible&#8221; overlay_strength=&#8221;0.3&#8243; gradient_direction=&#8221;left_to_right&#8221; shape_divider_position=&#8221;bottom&#8221; bg_image_animation=&#8221;none&#8221; gradient_type=&#8221;default&#8221; shape_type=&#8221;&#8221;][vc_column column_padding=&#8221;no-extra-padding&#8221; column_padding_tablet=&#8221;inherit&#8221; column_padding_phone=&#8221;inherit&#8221; column_padding_position=&#8221;all&#8221; column_element_direction_desktop=&#8221;default&#8221; column_element_spacing=&#8221;default&#8221; desktop_text_alignment=&#8221;default&#8221; tablet_text_alignment=&#8221;default&#8221; phone_text_alignment=&#8221;default&#8221; background_color_opacity=&#8221;1&#8243;...","og_url":"https:\/\/proluxx.hr\/sl\/pravilnik-o-zasebnosti\/","og_site_name":"PROLUXX","article_modified_time":"2026-04-16T07:34:16+00:00","twitter_card":"summary_large_image","twitter_misc":{"Est. reading time":"4 minute"},"schema":{"@context":"https:\/\/schema.org","@graph":[{"@type":"WebPage","@id":"https:\/\/proluxx.hr\/sl\/pravilnik-o-zasebnosti\/","url":"https:\/\/proluxx.hr\/sl\/pravilnik-o-zasebnosti\/","name":"Pravilnik o zasebnosti - PROLUXX","isPartOf":{"@id":"https:\/\/proluxx.hr\/#website"},"datePublished":"2025-02-22T14:35:01+00:00","dateModified":"2026-04-16T07:34:16+00:00","breadcrumb":{"@id":"https:\/\/proluxx.hr\/sl\/pravilnik-o-zasebnosti\/#breadcrumb"},"inLanguage":"sl-SI","potentialAction":[{"@type":"ReadAction","target":["https:\/\/proluxx.hr\/sl\/pravilnik-o-zasebnosti\/"]}]},{"@type":"BreadcrumbList","@id":"https:\/\/proluxx.hr\/sl\/pravilnik-o-zasebnosti\/#breadcrumb","itemListElement":[{"@type":"ListItem","position":1,"name":"Po\u010detna stranica","item":"https:\/\/proluxx.hr\/sl\/"},{"@type":"ListItem","position":2,"name":"Pravilnik o zasebnosti"}]},{"@type":"WebSite","@id":"https:\/\/proluxx.hr\/#website","url":"https:\/\/proluxx.hr\/","name":"PROLUXX","description":"inovativnost i kvaliteta","publisher":{"@id":"https:\/\/proluxx.hr\/#organization"},"potentialAction":[{"@type":"SearchAction","target":{"@type":"EntryPoint","urlTemplate":"https:\/\/proluxx.hr\/?s={search_term_string}"},"query-input":{"@type":"PropertyValueSpecification","valueRequired":true,"valueName":"search_term_string"}}],"inLanguage":"sl-SI"},{"@type":"Organization","@id":"https:\/\/proluxx.hr\/#organization","name":"PROXIMUM d.o.o.","url":"https:\/\/proluxx.hr\/","logo":{"@type":"ImageObject","inLanguage":"sl-SI","@id":"https:\/\/proluxx.hr\/#\/schema\/logo\/image\/","url":"https:\/\/proluxx.hr\/wp-content\/uploads\/2025\/02\/Proluxx-logo.png","contentUrl":"https:\/\/proluxx.hr\/wp-content\/uploads\/2025\/02\/Proluxx-logo.png","width":444,"height":71,"caption":"PROXIMUM d.o.o."},"image":{"@id":"https:\/\/proluxx.hr\/#\/schema\/logo\/image\/"}}]}},"_links":{"self":[{"href":"https:\/\/proluxx.hr\/sl\/wp-json\/wp\/v2\/pages\/3019","targetHints":{"allow":["GET"]}}],"collection":[{"href":"https:\/\/proluxx.hr\/sl\/wp-json\/wp\/v2\/pages"}],"about":[{"href":"https:\/\/proluxx.hr\/sl\/wp-json\/wp\/v2\/types\/page"}],"author":[{"embeddable":true,"href":"https:\/\/proluxx.hr\/sl\/wp-json\/wp\/v2\/users\/1"}],"replies":[{"embeddable":true,"href":"https:\/\/proluxx.hr\/sl\/wp-json\/wp\/v2\/comments?post=3019"}],"version-history":[{"count":4,"href":"https:\/\/proluxx.hr\/sl\/wp-json\/wp\/v2\/pages\/3019\/revisions"}],"predecessor-version":[{"id":3221,"href":"https:\/\/proluxx.hr\/sl\/wp-json\/wp\/v2\/pages\/3019\/revisions\/3221"}],"wp:attachment":[{"href":"https:\/\/proluxx.hr\/sl\/wp-json\/wp\/v2\/media?parent=3019"}],"curies":[{"name":"wp","href":"https:\/\/api.w.org\/{rel}","templated":true}]}}