{"id":3015,"date":"2025-02-18T08:57:36","date_gmt":"2025-02-18T07:57:36","guid":{"rendered":"https:\/\/proluxx.hr\/?page_id=3015"},"modified":"2026-04-16T10:27:35","modified_gmt":"2026-04-16T08:27:35","slug":"faq","status":"publish","type":"page","link":"https:\/\/proluxx.hr\/sl\/faq\/","title":{"rendered":"FAQ"},"content":{"rendered":"[vc_row type=&#8221;full_width_content&#8221; full_screen_row_position=&#8221;middle&#8221; column_margin=&#8221;default&#8221; column_direction=&#8221;default&#8221; column_direction_tablet=&#8221;default&#8221; column_direction_phone=&#8221;default&#8221; bg_color=&#8221;#522583&#8243; scene_position=&#8221;center&#8221; text_color=&#8221;dark&#8221; text_align=&#8221;left&#8221; row_border_radius=&#8221;none&#8221; row_border_radius_applies=&#8221;bg&#8221; overflow=&#8221;visible&#8221; overlay_strength=&#8221;0.3&#8243; gradient_direction=&#8221;left_to_right&#8221; shape_divider_position=&#8221;bottom&#8221; bg_image_animation=&#8221;none&#8221; gradient_type=&#8221;default&#8221; shape_type=&#8221;&#8221;][vc_column column_padding=&#8221;no-extra-padding&#8221; column_padding_tablet=&#8221;inherit&#8221; column_padding_phone=&#8221;inherit&#8221; column_padding_position=&#8221;all&#8221; column_element_direction_desktop=&#8221;default&#8221; column_element_spacing=&#8221;default&#8221; desktop_text_alignment=&#8221;default&#8221; tablet_text_alignment=&#8221;default&#8221; phone_text_alignment=&#8221;default&#8221; background_color_opacity=&#8221;1&#8243; background_hover_color_opacity=&#8221;1&#8243; column_backdrop_filter=&#8221;none&#8221; column_shadow=&#8221;none&#8221; column_border_radius=&#8221;none&#8221; column_link_target=&#8221;_self&#8221; column_position=&#8221;default&#8221; gradient_direction=&#8221;left_to_right&#8221; overlay_strength=&#8221;0.3&#8243; width=&#8221;1\/1&#8243; tablet_width_inherit=&#8221;default&#8221; animation_type=&#8221;default&#8221; bg_image_animation=&#8221;none&#8221; border_type=&#8221;simple&#8221; column_border_width=&#8221;none&#8221; column_border_style=&#8221;solid&#8221;][divider line_type=&#8221;No Line&#8221; custom_height=&#8221;70&#8243;][\/vc_column][\/vc_row][vc_row type=&#8221;in_container&#8221; full_screen_row_position=&#8221;middle&#8221; column_margin=&#8221;default&#8221; column_direction=&#8221;default&#8221; column_direction_tablet=&#8221;default&#8221; column_direction_phone=&#8221;default&#8221; scene_position=&#8221;center&#8221; top_padding=&#8221;4%&#8221; bottom_padding=&#8221;3%&#8221; top_padding_tablet=&#8221;10%&#8221; top_padding_phone=&#8221;15%&#8221; text_color=&#8221;dark&#8221; text_align=&#8221;left&#8221; row_border_radius=&#8221;none&#8221; row_border_radius_applies=&#8221;bg&#8221; overflow=&#8221;visible&#8221; overlay_strength=&#8221;0.3&#8243; gradient_direction=&#8221;left_to_right&#8221; shape_divider_position=&#8221;bottom&#8221; bg_image_animation=&#8221;none&#8221; gradient_type=&#8221;default&#8221; shape_type=&#8221;&#8221;][vc_column column_padding=&#8221;no-extra-padding&#8221; column_padding_tablet=&#8221;inherit&#8221; column_padding_phone=&#8221;inherit&#8221; column_padding_position=&#8221;all&#8221; column_element_direction_desktop=&#8221;default&#8221; column_element_spacing=&#8221;default&#8221; desktop_text_alignment=&#8221;default&#8221; tablet_text_alignment=&#8221;default&#8221; phone_text_alignment=&#8221;default&#8221; background_color_opacity=&#8221;1&#8243; background_hover_color_opacity=&#8221;1&#8243; column_backdrop_filter=&#8221;none&#8221; column_shadow=&#8221;none&#8221; column_border_radius=&#8221;none&#8221; column_link_target=&#8221;_self&#8221; column_position=&#8221;default&#8221; gradient_direction=&#8221;left_to_right&#8221; overlay_strength=&#8221;0.3&#8243; width=&#8221;1\/1&#8243; tablet_width_inherit=&#8221;default&#8221; animation_type=&#8221;default&#8221; bg_image_animation=&#8221;none&#8221; border_type=&#8221;simple&#8221; column_border_width=&#8221;none&#8221; column_border_style=&#8221;solid&#8221;][nectar_responsive_text inherited_font_style=&#8221;default&#8221; text_direction=&#8221;default&#8221; font_size_desktop=&#8221;50px&#8221; font_size_tablet=&#8221;40px&#8221; font_size_phone=&#8221;28px&#8221; font_line_height=&#8221;1.3&#8243;]\n<h1>Pogosto zastavljena vpra\u0161anja<\/h1>\n[\/nectar_responsive_text][\/vc_column][\/vc_row][vc_row type=&#8221;in_container&#8221; full_screen_row_position=&#8221;middle&#8221; column_margin=&#8221;default&#8221; column_direction=&#8221;default&#8221; column_direction_tablet=&#8221;default&#8221; column_direction_phone=&#8221;default&#8221; scene_position=&#8221;center&#8221; bottom_padding=&#8221;5%&#8221; text_color=&#8221;dark&#8221; text_align=&#8221;left&#8221; row_border_radius=&#8221;none&#8221; row_border_radius_applies=&#8221;bg&#8221; overflow=&#8221;visible&#8221; overlay_strength=&#8221;0.3&#8243; gradient_direction=&#8221;left_to_right&#8221; shape_divider_position=&#8221;bottom&#8221; bg_image_animation=&#8221;none&#8221; gradient_type=&#8221;default&#8221; shape_type=&#8221;&#8221;][vc_column column_padding=&#8221;no-extra-padding&#8221; column_padding_tablet=&#8221;inherit&#8221; column_padding_phone=&#8221;inherit&#8221; column_padding_position=&#8221;all&#8221; column_element_direction_desktop=&#8221;default&#8221; column_element_spacing=&#8221;default&#8221; desktop_text_alignment=&#8221;default&#8221; tablet_text_alignment=&#8221;default&#8221; phone_text_alignment=&#8221;default&#8221; background_color_opacity=&#8221;1&#8243; background_hover_color_opacity=&#8221;1&#8243; column_backdrop_filter=&#8221;none&#8221; column_shadow=&#8221;none&#8221; column_border_radius=&#8221;none&#8221; column_link_target=&#8221;_self&#8221; column_position=&#8221;default&#8221; gradient_direction=&#8221;left_to_right&#8221; overlay_strength=&#8221;0.3&#8243; width=&#8221;1\/6&#8243; tablet_width_inherit=&#8221;default&#8221; animation_type=&#8221;default&#8221; bg_image_animation=&#8221;none&#8221; border_type=&#8221;simple&#8221; column_border_width=&#8221;none&#8221; column_border_style=&#8221;solid&#8221;][\/vc_column][vc_column column_padding=&#8221;no-extra-padding&#8221; column_padding_tablet=&#8221;inherit&#8221; column_padding_phone=&#8221;inherit&#8221; column_padding_position=&#8221;all&#8221; column_element_direction_desktop=&#8221;default&#8221; column_element_spacing=&#8221;default&#8221; desktop_text_alignment=&#8221;default&#8221; tablet_text_alignment=&#8221;default&#8221; phone_text_alignment=&#8221;default&#8221; background_color_opacity=&#8221;1&#8243; background_hover_color_opacity=&#8221;1&#8243; column_backdrop_filter=&#8221;none&#8221; column_shadow=&#8221;none&#8221; column_border_radius=&#8221;none&#8221; column_link_target=&#8221;_self&#8221; column_position=&#8221;default&#8221; gradient_direction=&#8221;left_to_right&#8221; overlay_strength=&#8221;0.3&#8243; width=&#8221;5\/6&#8243; tablet_width_inherit=&#8221;default&#8221; animation_type=&#8221;default&#8221; bg_image_animation=&#8221;none&#8221; border_type=&#8221;simple&#8221; column_border_width=&#8221;none&#8221; column_border_style=&#8221;solid&#8221;][toggles style=&#8221;minimal&#8221; accordion=&#8221;true&#8221; accordion_starting_functionality=&#8221;closed&#8221;][toggle color=&#8221;Default&#8221; heading_tag=&#8221;h3&#8243; heading_tag_functionality=&#8221;default&#8221; title=&#8221;Zakaj uporabiti PROLUXX Duo pr\u0161ilo?&#8221;][vc_column_text css=&#8221;&#8221; text_direction=&#8221;default&#8221;]\u010ce imate suho oko ali alergijski konjunktivitis, je PROLUXX Duo pr\u0161ilo lahko odli\u010dna re\u0161itev, saj poleg natrijevega hialuronata vsebuje tudi lipidno komponento, ki pomaga nadomestiti lipidni sloj solznega filma, ter izvle\u010dek perile. Poleg klasi\u010dnih zdravil so izdelki z naravnimi dodatki, kot je izvle\u010dek perile, lahko dragocena podpora pri laj\u0161anju simptomov alergijskega konjunktivitisa.[\/vc_column_text][\/toggle][toggle color=&#8221;Default&#8221; heading_tag=&#8221;h3&#8243; heading_tag_functionality=&#8221;default&#8221; title=&#8221;Ali lahko otroci uporabljajo PROLUXX Duo pr\u0161ilo?&#8221;][vc_column_text css=&#8221;&#8221; text_direction=&#8221;default&#8221;]Da, uporabljajo ga lahko otroci od 6. leta starosti dalje. Primerno je tudi za nosilce kontaktnih le\u010d.[\/vc_column_text][\/toggle][toggle color=&#8221;Default&#8221; heading_tag=&#8221;h3&#8243; heading_tag_functionality=&#8221;default&#8221; title=&#8221;Kolikokrat na dan lahko uporabljam PROLUXX Duo pr\u0161ilo?&#8221;][vc_column_text css=&#8221;&#8221; text_direction=&#8221;default&#8221;]Pr\u0161ilo se lahko uporablja ve\u010dkrat dnevno, po potrebi.<\/p>\n<p>Stekleni\u010dko dr\u017eite pribli\u017eno 10 cm od o\u010desa. Z mo\u010dnim pritiskom na razpr\u0161ilnik razpr\u0161ite raztopino na zaprto oko. Razpr\u0161ite enkrat ali dvakrat pri vsaki uporabi, nato ve\u010dkrat pome\u017eiknite, da se raztopina enakomerno porazdeli po povr\u0161ini o\u010desa.<\/p>\n<p>Ni omejitev glede pogostosti uporabe, ker PROLUXX Duo pr\u0161ilo ne vsebuje konzervansov in zato ni \u0161kodljivo za uporabo na o\u010desu.\u00a0[\/vc_column_text][\/toggle][toggle color=&#8221;Default&#8221; heading_tag=&#8221;h3&#8243; heading_tag_functionality=&#8221;default&#8221; title=&#8221;Zakaj izbrati PROLUXX Duo pr\u0161ilo?&#8221;][vc_column_text css=&#8221;&#8221; text_direction=&#8221;default&#8221;]\n<ul>\n<li>inovativen pr\u0161ilni na\u010din uporabe<\/li>\n<li>brez konzervansov<\/li>\n<li>varno za uporabo<\/li>\n<li>hiter u\u010dinek<\/li>\n<li>primerno tudi za otroke od 6. leta dalje<\/li>\n<\/ul>\n[\/vc_column_text][\/toggle][toggle color=&#8221;Default&#8221; heading_tag=&#8221;h3&#8243; heading_tag_functionality=&#8221;default&#8221; title=&#8221;Zakaj je pomembno, da izdelki za suho oko ne vsebujejo konzervansov?&#8221;][vc_column_text css=&#8221;&#8221; text_direction=&#8221;default&#8221;]Kapljice za o\u010di brez konzervansov so pomembne iz ve\u010d razlogov:<\/p>\n<ol>\n<li>Manj dra\u017eenja in alergijskih reakcij: konzervansi (npr. benzalkonijev klorid \u2013 BAK) lahko povzro\u010dijo dra\u017eenje, pordelost in nelagodje pri ob\u010dutljivih o\u010deh ali pri pogosti uporabi. Dolgotrajna uporaba lahko po\u0161koduje o\u010desno povr\u0161ino.<\/li>\n<li>Za osebe s kroni\u010dnimi o\u010desnimi te\u017eavami: pri glavkomu, sindromu suhega o\u010desa ali po o\u010desnih operacijah je pogosto potrebna dolgotrajna uporaba kapljic. Brez konzervansov je varnej\u0161a izbira za vsakodnevno rabo.<\/li>\n<li>Bolj\u0161e za kontaktne le\u010de: konzervansi lahko po\u0161kodujejo le\u010de in povzro\u010dijo nelagodje; kapljice brez konzervansov so ne\u017enej\u0161e.<\/li>\n<li>Prepre\u010devanje toksi\u010dnih u\u010dinkov: nekateri konzervansi so lahko toksi\u010dni za o\u010desne celice (tudi za solzno \u017elezo in ro\u017eenico), kar lahko dolgoro\u010dno povzro\u010da te\u017eave.<\/li>\n<\/ol>\n<p>Zaradi teh razlogov so kapljice brez konzervansov pogosto priporo\u010dene za dolgotrajno uporabo in za osebe z ob\u010dutljivimi o\u010dmi.[\/vc_column_text][\/toggle][toggle color=&#8221;Default&#8221; heading_tag=&#8221;default&#8221; heading_tag_functionality=&#8221;default&#8221; title=&#8221;Imam te\u017eave pri vkapanju?&#8221;][vc_column_text css=&#8221;&#8221; text_direction=&#8221;default&#8221;]\u010ce vam je vkapanje neprijetno, priporo\u010damo PROLUXX Duo pr\u0161ilo \u2013 inovativen pripravek, ki ga nanesete na zaprto oko z razpr\u0161evanjem. Nato se z me\u017eikanjem izdelek razporedi po o\u010desni povr\u0161ini.[\/vc_column_text][\/toggle][toggle color=&#8221;Default&#8221; heading_tag=&#8221;default&#8221; heading_tag_functionality=&#8221;default&#8221; title=&#8221;Nosim kontaktne le\u010de \u2013 ali lahko uporabljam PROLUXX Duo pr\u0161ilo in PROLUXX Lipo<sub>x<\/sub>?&#8221;][vc_column_text css=&#8221;&#8221; text_direction=&#8221;default&#8221;]\n<p class=\"p1\">Da, PROLUXX Duo pr\u0161ilo in PROLUXX Lipo<sub>x<\/sub> kapljice za o\u010di se lahko uporabljajo tudi ob no\u0161enju kontaktnih le\u010d.<\/p>\n[\/vc_column_text][\/toggle][toggle color=&#8221;Default&#8221; heading_tag=&#8221;default&#8221; heading_tag_functionality=&#8221;default&#8221; title=&#8221;Uporabljam zdravila, ki jih vkapavam v oko \u2013 ali lahko uporabljam PROLUXX Duo pr\u0161ilo in PROLUXX Lipo<sub>x<\/sub> kapljice za o\u010di?&#8221;][vc_column_text css=&#8221;&#8221; text_direction=&#8221;default&#8221;]Po\u010dakajte vsaj 15 minut po vkapanju va\u0161ega zdravila, nato uporabite PROLUXX Duo pr\u0161ilo ali PROLUXX Lipo<sub>x<\/sub> kapljice za o\u010di. Pomagata odstraniti ob\u010dutek suhosti, ki ga lahko povzro\u010da terapija.[\/vc_column_text][\/toggle][\/toggles][\/vc_column][\/vc_row]\n","protected":false},"excerpt":{"rendered":"<p>[vc_row type=&#8221;full_width_content&#8221; full_screen_row_position=&#8221;middle&#8221; column_margin=&#8221;default&#8221; column_direction=&#8221;default&#8221; column_direction_tablet=&#8221;default&#8221; column_direction_phone=&#8221;default&#8221; bg_color=&#8221;#522583&#8243; scene_position=&#8221;center&#8221; text_color=&#8221;dark&#8221; text_align=&#8221;left&#8221; row_border_radius=&#8221;none&#8221; row_border_radius_applies=&#8221;bg&#8221; overflow=&#8221;visible&#8221; overlay_strength=&#8221;0.3&#8243; gradient_direction=&#8221;left_to_right&#8221; shape_divider_position=&#8221;bottom&#8221; bg_image_animation=&#8221;none&#8221; gradient_type=&#8221;default&#8221; shape_type=&#8221;&#8221;][vc_column column_padding=&#8221;no-extra-padding&#8221; column_padding_tablet=&#8221;inherit&#8221; column_padding_phone=&#8221;inherit&#8221; column_padding_position=&#8221;all&#8221; column_element_direction_desktop=&#8221;default&#8221; column_element_spacing=&#8221;default&#8221; desktop_text_alignment=&#8221;default&#8221; tablet_text_alignment=&#8221;default&#8221; phone_text_alignment=&#8221;default&#8221; background_color_opacity=&#8221;1&#8243;&#8230;<\/p>\n","protected":false},"author":1,"featured_media":0,"parent":0,"menu_order":10,"comment_status":"closed","ping_status":"closed","template":"","meta":{"_acf_changed":false,"footnotes":""},"class_list":["post-3015","page","type-page","status-publish"],"acf":[],"yoast_head":"<!-- This site is optimized with the Yoast SEO plugin v27.2 - https:\/\/yoast.com\/product\/yoast-seo-wordpress\/ -->\n<title>FAQ - PROLUXX<\/title>\n<meta name=\"robots\" content=\"index, follow, max-snippet:-1, max-image-preview:large, max-video-preview:-1\" \/>\n<link rel=\"canonical\" href=\"https:\/\/proluxx.hr\/sl\/faq\/\" \/>\n<meta property=\"og:locale\" content=\"sl_SI\" \/>\n<meta property=\"og:type\" content=\"article\" \/>\n<meta property=\"og:title\" content=\"FAQ - PROLUXX\" \/>\n<meta property=\"og:description\" content=\"[vc_row type=&#8221;full_width_content&#8221; full_screen_row_position=&#8221;middle&#8221; column_margin=&#8221;default&#8221; column_direction=&#8221;default&#8221; column_direction_tablet=&#8221;default&#8221; column_direction_phone=&#8221;default&#8221; bg_color=&#8221;#522583&#8243; scene_position=&#8221;center&#8221; text_color=&#8221;dark&#8221; text_align=&#8221;left&#8221; row_border_radius=&#8221;none&#8221; row_border_radius_applies=&#8221;bg&#8221; overflow=&#8221;visible&#8221; overlay_strength=&#8221;0.3&#8243; gradient_direction=&#8221;left_to_right&#8221; shape_divider_position=&#8221;bottom&#8221; bg_image_animation=&#8221;none&#8221; gradient_type=&#8221;default&#8221; shape_type=&#8221;&#8221;][vc_column column_padding=&#8221;no-extra-padding&#8221; column_padding_tablet=&#8221;inherit&#8221; column_padding_phone=&#8221;inherit&#8221; column_padding_position=&#8221;all&#8221; column_element_direction_desktop=&#8221;default&#8221; column_element_spacing=&#8221;default&#8221; desktop_text_alignment=&#8221;default&#8221; tablet_text_alignment=&#8221;default&#8221; phone_text_alignment=&#8221;default&#8221; background_color_opacity=&#8221;1&#8243;...\" \/>\n<meta property=\"og:url\" content=\"https:\/\/proluxx.hr\/sl\/faq\/\" \/>\n<meta property=\"og:site_name\" content=\"PROLUXX\" \/>\n<meta property=\"article:modified_time\" content=\"2026-04-16T08:27:35+00:00\" \/>\n<meta name=\"twitter:card\" content=\"summary_large_image\" \/>\n<meta name=\"twitter:label1\" content=\"Est. reading time\" \/>\n\t<meta name=\"twitter:data1\" content=\"7 minut\" \/>\n<script type=\"application\/ld+json\" class=\"yoast-schema-graph\">{\"@context\":\"https:\/\/schema.org\",\"@graph\":[{\"@type\":\"WebPage\",\"@id\":\"https:\/\/proluxx.hr\/sl\/faq\/\",\"url\":\"https:\/\/proluxx.hr\/sl\/faq\/\",\"name\":\"FAQ - PROLUXX\",\"isPartOf\":{\"@id\":\"https:\/\/proluxx.hr\/#website\"},\"datePublished\":\"2025-02-18T07:57:36+00:00\",\"dateModified\":\"2026-04-16T08:27:35+00:00\",\"breadcrumb\":{\"@id\":\"https:\/\/proluxx.hr\/sl\/faq\/#breadcrumb\"},\"inLanguage\":\"sl-SI\",\"potentialAction\":[{\"@type\":\"ReadAction\",\"target\":[\"https:\/\/proluxx.hr\/sl\/faq\/\"]}]},{\"@type\":\"BreadcrumbList\",\"@id\":\"https:\/\/proluxx.hr\/sl\/faq\/#breadcrumb\",\"itemListElement\":[{\"@type\":\"ListItem\",\"position\":1,\"name\":\"Po\u010detna stranica\",\"item\":\"https:\/\/proluxx.hr\/sl\/\"},{\"@type\":\"ListItem\",\"position\":2,\"name\":\"FAQ\"}]},{\"@type\":\"WebSite\",\"@id\":\"https:\/\/proluxx.hr\/#website\",\"url\":\"https:\/\/proluxx.hr\/\",\"name\":\"PROLUXX\",\"description\":\"inovativnost i kvaliteta\",\"publisher\":{\"@id\":\"https:\/\/proluxx.hr\/#organization\"},\"potentialAction\":[{\"@type\":\"SearchAction\",\"target\":{\"@type\":\"EntryPoint\",\"urlTemplate\":\"https:\/\/proluxx.hr\/?s={search_term_string}\"},\"query-input\":{\"@type\":\"PropertyValueSpecification\",\"valueRequired\":true,\"valueName\":\"search_term_string\"}}],\"inLanguage\":\"sl-SI\"},{\"@type\":\"Organization\",\"@id\":\"https:\/\/proluxx.hr\/#organization\",\"name\":\"PROXIMUM d.o.o.\",\"url\":\"https:\/\/proluxx.hr\/\",\"logo\":{\"@type\":\"ImageObject\",\"inLanguage\":\"sl-SI\",\"@id\":\"https:\/\/proluxx.hr\/#\/schema\/logo\/image\/\",\"url\":\"https:\/\/proluxx.hr\/wp-content\/uploads\/2025\/02\/Proluxx-logo.png\",\"contentUrl\":\"https:\/\/proluxx.hr\/wp-content\/uploads\/2025\/02\/Proluxx-logo.png\",\"width\":444,\"height\":71,\"caption\":\"PROXIMUM d.o.o.\"},\"image\":{\"@id\":\"https:\/\/proluxx.hr\/#\/schema\/logo\/image\/\"}}]}<\/script>\n<!-- \/ Yoast SEO plugin. -->","yoast_head_json":{"title":"FAQ - PROLUXX","robots":{"index":"index","follow":"follow","max-snippet":"max-snippet:-1","max-image-preview":"max-image-preview:large","max-video-preview":"max-video-preview:-1"},"canonical":"https:\/\/proluxx.hr\/sl\/faq\/","og_locale":"sl_SI","og_type":"article","og_title":"FAQ - PROLUXX","og_description":"[vc_row type=&#8221;full_width_content&#8221; full_screen_row_position=&#8221;middle&#8221; column_margin=&#8221;default&#8221; column_direction=&#8221;default&#8221; column_direction_tablet=&#8221;default&#8221; column_direction_phone=&#8221;default&#8221; bg_color=&#8221;#522583&#8243; scene_position=&#8221;center&#8221; text_color=&#8221;dark&#8221; text_align=&#8221;left&#8221; row_border_radius=&#8221;none&#8221; row_border_radius_applies=&#8221;bg&#8221; overflow=&#8221;visible&#8221; overlay_strength=&#8221;0.3&#8243; gradient_direction=&#8221;left_to_right&#8221; shape_divider_position=&#8221;bottom&#8221; bg_image_animation=&#8221;none&#8221; gradient_type=&#8221;default&#8221; shape_type=&#8221;&#8221;][vc_column column_padding=&#8221;no-extra-padding&#8221; column_padding_tablet=&#8221;inherit&#8221; column_padding_phone=&#8221;inherit&#8221; column_padding_position=&#8221;all&#8221; column_element_direction_desktop=&#8221;default&#8221; column_element_spacing=&#8221;default&#8221; desktop_text_alignment=&#8221;default&#8221; tablet_text_alignment=&#8221;default&#8221; phone_text_alignment=&#8221;default&#8221; background_color_opacity=&#8221;1&#8243;...","og_url":"https:\/\/proluxx.hr\/sl\/faq\/","og_site_name":"PROLUXX","article_modified_time":"2026-04-16T08:27:35+00:00","twitter_card":"summary_large_image","twitter_misc":{"Est. reading time":"7 minut"},"schema":{"@context":"https:\/\/schema.org","@graph":[{"@type":"WebPage","@id":"https:\/\/proluxx.hr\/sl\/faq\/","url":"https:\/\/proluxx.hr\/sl\/faq\/","name":"FAQ - PROLUXX","isPartOf":{"@id":"https:\/\/proluxx.hr\/#website"},"datePublished":"2025-02-18T07:57:36+00:00","dateModified":"2026-04-16T08:27:35+00:00","breadcrumb":{"@id":"https:\/\/proluxx.hr\/sl\/faq\/#breadcrumb"},"inLanguage":"sl-SI","potentialAction":[{"@type":"ReadAction","target":["https:\/\/proluxx.hr\/sl\/faq\/"]}]},{"@type":"BreadcrumbList","@id":"https:\/\/proluxx.hr\/sl\/faq\/#breadcrumb","itemListElement":[{"@type":"ListItem","position":1,"name":"Po\u010detna stranica","item":"https:\/\/proluxx.hr\/sl\/"},{"@type":"ListItem","position":2,"name":"FAQ"}]},{"@type":"WebSite","@id":"https:\/\/proluxx.hr\/#website","url":"https:\/\/proluxx.hr\/","name":"PROLUXX","description":"inovativnost i kvaliteta","publisher":{"@id":"https:\/\/proluxx.hr\/#organization"},"potentialAction":[{"@type":"SearchAction","target":{"@type":"EntryPoint","urlTemplate":"https:\/\/proluxx.hr\/?s={search_term_string}"},"query-input":{"@type":"PropertyValueSpecification","valueRequired":true,"valueName":"search_term_string"}}],"inLanguage":"sl-SI"},{"@type":"Organization","@id":"https:\/\/proluxx.hr\/#organization","name":"PROXIMUM d.o.o.","url":"https:\/\/proluxx.hr\/","logo":{"@type":"ImageObject","inLanguage":"sl-SI","@id":"https:\/\/proluxx.hr\/#\/schema\/logo\/image\/","url":"https:\/\/proluxx.hr\/wp-content\/uploads\/2025\/02\/Proluxx-logo.png","contentUrl":"https:\/\/proluxx.hr\/wp-content\/uploads\/2025\/02\/Proluxx-logo.png","width":444,"height":71,"caption":"PROXIMUM d.o.o."},"image":{"@id":"https:\/\/proluxx.hr\/#\/schema\/logo\/image\/"}}]}},"_links":{"self":[{"href":"https:\/\/proluxx.hr\/sl\/wp-json\/wp\/v2\/pages\/3015","targetHints":{"allow":["GET"]}}],"collection":[{"href":"https:\/\/proluxx.hr\/sl\/wp-json\/wp\/v2\/pages"}],"about":[{"href":"https:\/\/proluxx.hr\/sl\/wp-json\/wp\/v2\/types\/page"}],"author":[{"embeddable":true,"href":"https:\/\/proluxx.hr\/sl\/wp-json\/wp\/v2\/users\/1"}],"replies":[{"embeddable":true,"href":"https:\/\/proluxx.hr\/sl\/wp-json\/wp\/v2\/comments?post=3015"}],"version-history":[{"count":4,"href":"https:\/\/proluxx.hr\/sl\/wp-json\/wp\/v2\/pages\/3015\/revisions"}],"predecessor-version":[{"id":3253,"href":"https:\/\/proluxx.hr\/sl\/wp-json\/wp\/v2\/pages\/3015\/revisions\/3253"}],"wp:attachment":[{"href":"https:\/\/proluxx.hr\/sl\/wp-json\/wp\/v2\/media?parent=3015"}],"curies":[{"name":"wp","href":"https:\/\/api.w.org\/{rel}","templated":true}]}}